{"id":2230,"date":"2024-10-07T13:28:10","date_gmt":"2024-10-07T11:28:10","guid":{"rendered":"https:\/\/sg-engineering.it\/qui-sommes-nous\/"},"modified":"2025-02-17T09:58:59","modified_gmt":"2025-02-17T08:58:59","slug":"qui-sommes-nous","status":"publish","type":"page","link":"https:\/\/sg-engineering.it\/fr\/qui-sommes-nous\/","title":{"rendered":"Qui sommes-nous"},"content":{"rendered":"\n<div class=\"wp-block-uagb-container uagb-block-8117ac3f alignfull uagb-is-root-container\">\n<div class=\"wp-block-uagb-container uagb-block-be6f69fe\">\n<div data-aos= \"slide-up\" data-aos-duration=\"400\" data-aos-delay=\"0\" data-aos-easing=\"ease\" data-aos-once=\"true\" class=\"wp-block-uagb-advanced-heading uagb-block-bca161bb\"><div class=\"uagb-separator\"><\/div><h1 class=\"uagb-heading-text\">Qui sommes-nous<\/h1><\/div>\n<\/div>\n<\/div>\n\n<div class=\"wp-block-uagb-container uagb-block-748264fb alignfull uagb-is-root-container\">\n<div class=\"wp-block-uagb-container uagb-block-99a1534c\">\n<div data-aos= \"fade-right\" data-aos-duration=\"400\" data-aos-delay=\"0\" data-aos-easing=\"ease\" data-aos-once=\"true\" class=\"wp-block-uagb-container uagb-block-5f872b99\">\n<div class=\"wp-block-uagb-image uagb-block-49469be4 wp-block-uagb-image--layout-default wp-block-uagb-image--effect-static wp-block-uagb-image--align-none\"><figure class=\"wp-block-uagb-image__figure\"><img decoding=\"async\" srcset=\"https:\/\/sg-engineering.it\/wp-content\/uploads\/2024\/10\/macro-focus-cogwheel-gear-159275-159275-1-595x388.jpg ,https:\/\/sg-engineering.it\/wp-content\/uploads\/2024\/10\/macro-focus-cogwheel-gear-159275-159275-1-scaled.jpg 780w, https:\/\/sg-engineering.it\/wp-content\/uploads\/2024\/10\/macro-focus-cogwheel-gear-159275-159275-1-scaled.jpg 360w\" sizes=\"auto, (max-width: 480px) 150px\" src=\"https:\/\/sg-engineering.it\/wp-content\/uploads\/2024\/10\/macro-focus-cogwheel-gear-159275-159275-1-595x388.jpg\" alt=\"Gray and Gold Steel Gears\" class=\"uag-image-1809\" width=\"595\" height=\"388\" title=\"macro-focus-cogwheel-gear-159275-159275-1\" loading=\"lazy\" role=\"img\"><\/figure><\/div>\n<\/div>\n\n\n\n<div class=\"wp-block-uagb-container uagb-block-251feffd\">\n<div data-aos= \"fade-right\" data-aos-duration=\"400\" data-aos-delay=\"0\" data-aos-easing=\"ease\" data-aos-once=\"true\" class=\"wp-block-uagb-advanced-heading uagb-block-7ebbb456\"><p class=\"uagb-desc-text\">Depuis sa cr\u00e9ation en 2007, SG Engineering est une entreprise bas\u00e9e sur un service apr\u00e8s-vente comp\u00e9tent pour toutes les questions li\u00e9es aux machines industrielles: \u00e9lectroniques\/\u00e9lectriques, m\u00e9caniques ou hydrauliques. Nous sommes une entreprise familiale dont le si\u00e8ge se trouve dans le nord de l&rsquo;Italie et qui op\u00e8re dans le monde entier gr\u00e2ce \u00e0 un r\u00e9seau de clients haut de gamme, dont les principaux groupes leaders dans les secteurs de l&rsquo;automobile, de la construction, des biens techniques et des biens de consommation. Nous pouvons op\u00e9rer \u00e0 la fois sur le territoire national et \u00e0 l&rsquo;\u00e9tranger avec un personnel comp\u00e9tent, et de fournir des services personnalis\u00e9s, y compris des mises \u00e0 jour techniques, des interventions en mati\u00e8re d&rsquo;efficacit\u00e9 \u00e9nerg\u00e9tique et une remise \u00e0 neuf compl\u00e8te avec garantie sur vos machines \u00e0 injecter pour mati\u00e8re thermoplastique. <\/p><\/div>\n<\/div>\n<\/div>\n<\/div>\n\n<div class=\"wp-block-uagb-container uagb-block-b0e2ecd1 alignfull uagb-is-root-container\">\n<div class=\"wp-block-uagb-container uagb-block-4d5a76fb\">\n<div data-aos= \"slide-up\" data-aos-duration=\"400\" data-aos-delay=\"0\" data-aos-easing=\"ease\" data-aos-once=\"true\" class=\"wp-block-uagb-info-box uagb-block-a1610814 uagb-infobox__content-wrap  uagb-infobox-icon-above-title uagb-infobox-image-valign-top\"><div class=\"uagb-ifb-content\"><div class=\"uagb-ifb-icon-wrap\"><svg xmlns=\"https:\/\/www.w3.org\/2000\/svg\" viewbox=\"0 0 448 512\"><path d=\"M96 224C84.72 224 74.05 226.3 64 229.9V224c0-35.3 28.7-64 64-64c17.67 0 32-14.33 32-32S145.7 96 128 96C57.42 96 0 153.4 0 224v96c0 53.02 42.98 96 96 96s96-42.98 96-96S149 224 96 224zM352 224c-11.28 0-21.95 2.305-32 5.879V224c0-35.3 28.7-64 64-64c17.67 0 32-14.33 32-32s-14.33-32-32-32c-70.58 0-128 57.42-128 128v96c0 53.02 42.98 96 96 96s96-42.98 96-96S405 224 352 224z\"><\/path><\/svg><\/div><div class=\"uagb-ifb-title-wrap\"><h2 class=\"uagb-ifb-title\">D\u00e9di\u00e9 au Service<\/h2><\/div><\/div><\/div>\n<\/div>\n<\/div>\n\n<div class=\"wp-block-uagb-container uagb-block-cb9d743d alignfull uagb-is-root-container\">\n<div class=\"wp-block-uagb-container uagb-block-ee38d35f\">\n<div class=\"wp-block-uagb-info-box uagb-block-9e485e13 uagb-infobox__content-wrap  uagb-infobox-icon-above-title uagb-infobox-image-valign-top\"><div class=\"uagb-ifb-content\"><div class=\"uagb-ifb-title-wrap\"><div class=\"uagb-ifb-separator\"><\/div><h2 class=\"uagb-ifb-title\">Contattaci per ricevere pi\u00f9 informazioni!<\/h2><\/div><\/div><\/div>\n\n\n\n<div class=\"wp-block-uagb-buttons uagb-buttons__outer-wrap uagb-btn__default-btn uagb-btn-tablet__default-btn uagb-btn-mobile__default-btn uagb-block-81d6b9a6\"><div class=\"uagb-buttons__wrap uagb-buttons-layout-wrap \">\n<div class=\"wp-block-uagb-buttons-child uagb-buttons__outer-wrap uagb-block-fbafa94b wp-block-button\"><div class=\"uagb-button__wrapper\"><a class=\"uagb-buttons-repeater wp-block-button__link\" aria-label=\"\" href=\"\/contatti\" rel=\"follow noopener\" target=\"_self\" role=\"button\"><div class=\"uagb-button__link\">contattaci<\/div><\/a><\/div><\/div>\n<\/div><\/div>\n<\/div>\n<\/div>\n","protected":false},"excerpt":{"rendered":"<p>Qui sommes-nous Depuis sa cr\u00e9ation en 2007, SG Engineering est une entreprise bas\u00e9e sur un service apr\u00e8s-vente comp\u00e9tent pour toutes les questions li\u00e9es aux machines industrielles: \u00e9lectroniques\/\u00e9lectriques, m\u00e9caniques ou hydrauliques. Nous sommes une entreprise familiale dont le si\u00e8ge se trouve dans le nord de l&rsquo;Italie et qui op\u00e8re dans le monde entier gr\u00e2ce \u00e0 un [&hellip;]<\/p>\n","protected":false},"author":3,"featured_media":0,"parent":0,"menu_order":0,"comment_status":"closed","ping_status":"closed","template":"","meta":{"_uag_custom_page_level_css":"","site-sidebar-layout":"default","site-content-layout":"page-builder","ast-site-content-layout":"full-width-container","site-content-style":"unboxed","site-sidebar-style":"unboxed","ast-global-header-display":"","ast-banner-title-visibility":"","ast-main-header-display":"","ast-hfb-above-header-display":"","ast-hfb-below-header-display":"","ast-hfb-mobile-header-display":"","site-post-title":"disabled","ast-breadcrumbs-content":"","ast-featured-img":"","footer-sml-layout":"","ast-disable-related-posts":"","theme-transparent-header-meta":"enabled","adv-header-id-meta":"","stick-header-meta":"","header-above-stick-meta":"","header-main-stick-meta":"","header-below-stick-meta":"","astra-migrate-meta-layouts":"default","ast-page-background-enabled":"default","ast-page-background-meta":{"desktop":{"background-color":"var(--ast-global-color-4)","background-image":"","background-repeat":"repeat","background-position":"center center","background-size":"auto","background-attachment":"scroll","background-type":"","background-media":"","overlay-type":"","overlay-color":"","overlay-opacity":"","overlay-gradient":""},"tablet":{"background-color":"","background-image":"","background-repeat":"repeat","background-position":"center center","background-size":"auto","background-attachment":"scroll","background-type":"","background-media":"","overlay-type":"","overlay-color":"","overlay-opacity":"","overlay-gradient":""},"mobile":{"background-color":"","background-image":"","background-repeat":"repeat","background-position":"center center","background-size":"auto","background-attachment":"scroll","background-type":"","background-media":"","overlay-type":"","overlay-color":"","overlay-opacity":"","overlay-gradient":""}},"ast-content-background-meta":{"desktop":{"background-color":"var(--ast-global-color-5)","background-image":"","background-repeat":"repeat","background-position":"center center","background-size":"auto","background-attachment":"scroll","background-type":"","background-media":"","overlay-type":"","overlay-color":"","overlay-opacity":"","overlay-gradient":""},"tablet":{"background-color":"var(--ast-global-color-5)","background-image":"","background-repeat":"repeat","background-position":"center center","background-size":"auto","background-attachment":"scroll","background-type":"","background-media":"","overlay-type":"","overlay-color":"","overlay-opacity":"","overlay-gradient":""},"mobile":{"background-color":"var(--ast-global-color-5)","background-image":"","background-repeat":"repeat","background-position":"center center","background-size":"auto","background-attachment":"scroll","background-type":"","background-media":"","overlay-type":"","overlay-color":"","overlay-opacity":"","overlay-gradient":""}},"footnotes":""},"class_list":["post-2230","page","type-page","status-publish","hentry"],"uagb_featured_image_src":{"full":false,"thumbnail":false,"medium":false,"medium_large":false,"large":false,"1536x1536":false,"2048x2048":false},"uagb_author_info":{"display_name":"grazia","author_link":"https:\/\/sg-engineering.it\/fr\/author\/grazia\/"},"uagb_comment_info":0,"uagb_excerpt":"Qui sommes-nous Depuis sa cr\u00e9ation en 2007, SG Engineering est une entreprise bas\u00e9e sur un service apr\u00e8s-vente comp\u00e9tent pour toutes les questions li\u00e9es aux machines industrielles: \u00e9lectroniques\/\u00e9lectriques, m\u00e9caniques ou hydrauliques. Nous sommes une entreprise familiale dont le si\u00e8ge se trouve dans le nord de l&rsquo;Italie et qui op\u00e8re dans le monde entier gr\u00e2ce \u00e0 un\u2026","_links":{"self":[{"href":"https:\/\/sg-engineering.it\/fr\/wp-json\/wp\/v2\/pages\/2230","targetHints":{"allow":["GET"]}}],"collection":[{"href":"https:\/\/sg-engineering.it\/fr\/wp-json\/wp\/v2\/pages"}],"about":[{"href":"https:\/\/sg-engineering.it\/fr\/wp-json\/wp\/v2\/types\/page"}],"author":[{"embeddable":true,"href":"https:\/\/sg-engineering.it\/fr\/wp-json\/wp\/v2\/users\/3"}],"replies":[{"embeddable":true,"href":"https:\/\/sg-engineering.it\/fr\/wp-json\/wp\/v2\/comments?post=2230"}],"version-history":[{"count":1,"href":"https:\/\/sg-engineering.it\/fr\/wp-json\/wp\/v2\/pages\/2230\/revisions"}],"predecessor-version":[{"id":2231,"href":"https:\/\/sg-engineering.it\/fr\/wp-json\/wp\/v2\/pages\/2230\/revisions\/2231"}],"wp:attachment":[{"href":"https:\/\/sg-engineering.it\/fr\/wp-json\/wp\/v2\/media?parent=2230"}],"curies":[{"name":"wp","href":"https:\/\/api.w.org\/{rel}","templated":true}]}}