{"id":2226,"date":"2024-10-07T13:28:10","date_gmt":"2024-10-07T11:28:10","guid":{"rendered":"https:\/\/sg-engineering.it\/services\/"},"modified":"2025-02-17T09:55:28","modified_gmt":"2025-02-17T08:55:28","slug":"services","status":"publish","type":"page","link":"https:\/\/sg-engineering.it\/fr\/services\/","title":{"rendered":"Services"},"content":{"rendered":"\n<div class=\"wp-block-uagb-container uagb-block-178cbd8e alignfull uagb-is-root-container\">\n<div class=\"wp-block-uagb-container uagb-block-e5134cee\">\n<div data-aos= \"slide-up\" data-aos-duration=\"400\" data-aos-delay=\"0\" data-aos-easing=\"ease\" data-aos-once=\"true\" class=\"wp-block-uagb-advanced-heading uagb-block-d064e553\"><div class=\"uagb-separator\"><\/div><h1 class=\"uagb-heading-text\">Nos services<\/h1><\/div>\n\n\n\n<p><\/p>\n<\/div>\n<\/div>\n\n<div class=\"wp-block-uagb-container uagb-block-ffce8ce3 alignfull uagb-is-root-container\">\n<div data-aos= \"fade-right\" data-aos-duration=\"400\" data-aos-delay=\"0\" data-aos-easing=\"ease\" data-aos-once=\"true\" class=\"wp-block-uagb-container uagb-block-e31e25f5\">\n<div class=\"wp-block-uagb-container uagb-block-ec507e65\">\n<div class=\"wp-block-uagb-image uagb-block-a1bc832d wp-block-uagb-image--layout-default wp-block-uagb-image--effect-static wp-block-uagb-image--align-none\"><figure class=\"wp-block-uagb-image__figure\"><img decoding=\"async\" srcset=\"https:\/\/sg-engineering.it\/wp-content\/uploads\/2025\/02\/Centrale-Oleo-300t-vert-595x459.jpg ,https:\/\/sg-engineering.it\/wp-content\/uploads\/2025\/02\/Centrale-Oleo-300t-vert.jpg 780w, https:\/\/sg-engineering.it\/wp-content\/uploads\/2025\/02\/Centrale-Oleo-300t-vert.jpg 360w\" sizes=\"auto, (max-width: 480px) 150px\" src=\"https:\/\/sg-engineering.it\/wp-content\/uploads\/2025\/02\/Centrale-Oleo-300t-vert-595x459.jpg\" alt=\"\" class=\"uag-image-1977\" width=\"500\" height=\"350\" title=\"Centrale Oleo 300t vert.\" loading=\"lazy\" role=\"img\"><\/figure><\/div>\n\n\n\n<div class=\"wp-block-uagb-advanced-heading uagb-block-01857e57\"><h6 class=\"uagb-heading-text\">01<\/h6><\/div>\n\n\n\n<div class=\"wp-block-uagb-advanced-heading uagb-block-58c618e4\"><h3 class=\"uagb-heading-text\">REMISE EN ETAT<\/h3><div class=\"uagb-separator\"><\/div><\/div>\n<\/div>\n\n\n\n<div class=\"wp-block-uagb-container uagb-block-b02e6043\">\n<div class=\"wp-block-uagb-advanced-heading uagb-block-1b5f02ba\"><p class=\"uagb-desc-text\">De la v\u00e9rification du syst\u00e8me existant au remplacement complet de touts les appareils de contr\u00f4le, de l&rsquo;armoire \u00e9lectrique et du c\u00e2blage, en passant par la mise en \u0153uvre, la mise \u00e0 jour et sur demande, de l\u2019impl\u00e9mentation de caract\u00e9ristiques sp\u00e9ciales et d&rsquo;extensions logicielles.<\/p><\/div>\n<\/div>\n<\/div>\n\n\n\n<div data-aos= \"fade-left\" data-aos-duration=\"400\" data-aos-delay=\"0\" data-aos-easing=\"ease\" data-aos-once=\"true\" class=\"wp-block-uagb-container uagb-block-511d962c\">\n<div class=\"wp-block-uagb-container uagb-block-4d4235b6\">\n<div class=\"wp-block-uagb-advanced-heading uagb-block-770cacb6\"><div class=\"uagb-separator\"><\/div><h6 class=\"uagb-heading-text\">02<\/h6><\/div>\n\n\n\n<div class=\"wp-block-uagb-advanced-heading uagb-block-0fabdc2b\"><h3 class=\"uagb-heading-text\">PI\u00c8CES D\u00c9TACH\u00c9ES<\/h3><\/div>\n\n\n\n<div class=\"wp-block-uagb-image uagb-block-71a8a20f wp-block-uagb-image--layout-default wp-block-uagb-image--effect-static wp-block-uagb-image--align-none\"><figure class=\"wp-block-uagb-image__figure\"><img decoding=\"async\" srcset=\"https:\/\/sg-engineering.it\/wp-content\/uploads\/2024\/02\/Screenshot-2024-02-02-100538.png ,https:\/\/sg-engineering.it\/wp-content\/uploads\/2024\/02\/Screenshot-2024-02-02-100538.png 780w, https:\/\/sg-engineering.it\/wp-content\/uploads\/2024\/02\/Screenshot-2024-02-02-100538.png 360w\" sizes=\"auto, (max-width: 480px) 150px\" src=\"https:\/\/sg-engineering.it\/wp-content\/uploads\/2024\/02\/Screenshot-2024-02-02-100538.png\" alt=\"\" class=\"uag-image-243\" width=\"945\" height=\"939\" title=\"Screenshot 2024-02-02 100538\" loading=\"lazy\" role=\"img\"><\/figure><\/div>\n<\/div>\n\n\n\n<div class=\"wp-block-uagb-container uagb-block-33d752c3\">\n<div class=\"wp-block-uagb-advanced-heading uagb-block-34c6bf56\"><p class=\"uagb-desc-text\">Notre personnel qualifi\u00e9 peut v\u00e9rifier, d\u00e9monter, diagnostiquer et remonter n&rsquo;importe quelle pi\u00e8ce de n&rsquo;importe quelle machine de moulage par injection. Nous pouvons remplacer, r\u00e9parer ou remettre en \u00e9tat des composants essentiels tels que les colonnes, les bagues, les unit\u00e9s de plastification et fournir des pi\u00e8ces d\u00e9tach\u00e9es usin\u00e9s sur mesure. <\/p><\/div>\n<\/div>\n<\/div>\n<\/div>\n\n<div class=\"wp-block-uagb-container uagb-block-88448197 alignfull uagb-is-root-container\">\n<div data-aos= \"fade-right\" data-aos-duration=\"400\" data-aos-delay=\"0\" data-aos-easing=\"ease\" data-aos-once=\"true\" class=\"wp-block-uagb-container uagb-block-98686065\">\n<div class=\"wp-block-uagb-container uagb-block-3e25659a\">\n<div class=\"wp-block-uagb-image uagb-block-b5d00b5a wp-block-uagb-image--layout-default wp-block-uagb-image--effect-static wp-block-uagb-image--align-none\"><figure class=\"wp-block-uagb-image__figure\"><img decoding=\"async\" srcset=\"https:\/\/sg-engineering.it\/wp-content\/uploads\/2024\/02\/Screenshot-2024-02-02-100558.png ,https:\/\/sg-engineering.it\/wp-content\/uploads\/2024\/02\/Screenshot-2024-02-02-100558.png 780w, https:\/\/sg-engineering.it\/wp-content\/uploads\/2024\/02\/Screenshot-2024-02-02-100558.png 360w\" sizes=\"auto, (max-width: 480px) 150px\" src=\"https:\/\/sg-engineering.it\/wp-content\/uploads\/2024\/02\/Screenshot-2024-02-02-100558.png\" alt=\"\" class=\"uag-image-245\" width=\"1024\" height=\"1024\" title=\"Screenshot 2024-02-02 100558\" loading=\"lazy\" role=\"img\"><\/figure><\/div>\n\n\n\n<div class=\"wp-block-uagb-advanced-heading uagb-block-6562bcd0\"><h6 class=\"uagb-heading-text\">03<\/h6><\/div>\n\n\n\n<div class=\"wp-block-uagb-advanced-heading uagb-block-df77c812\"><h3 class=\"uagb-heading-text\">Service technique<\/h3><div class=\"uagb-separator\"><\/div><\/div>\n<\/div>\n\n\n\n<div class=\"wp-block-uagb-container uagb-block-7a25c66d\">\n<div class=\"wp-block-uagb-advanced-heading uagb-block-97d1c5c9\"><p class=\"uagb-desc-text\">Nous nous ferons un plaisir d&rsquo;effectuer des diagnostics, de localiser les probl\u00e8mes, de remplacer ou d&rsquo;am\u00e9liorer les composants hydrauliques, de fournir des pi\u00e8ces d\u00e9tach\u00e9es d&rsquo;installer un circuit hydraulique haute performance enti\u00e8rement nouveau, prolongeant ainsi la dur\u00e9e de vie de votre machine \u00e0 injecter et am\u00e9liorant l&rsquo;efficacit\u00e9 \u00e9nerg\u00e9tique. <\/p><\/div>\n<\/div>\n<\/div>\n\n\n\n<div data-aos= \"fade-left\" data-aos-duration=\"400\" data-aos-delay=\"0\" data-aos-easing=\"ease\" data-aos-once=\"true\" class=\"wp-block-uagb-container uagb-block-7708b0ce\">\n<div class=\"wp-block-uagb-container uagb-block-c45ee6a0\">\n<div class=\"wp-block-uagb-advanced-heading uagb-block-dd5a7ec4\"><div class=\"uagb-separator\"><\/div><h6 class=\"uagb-heading-text\">04<\/h6><\/div>\n\n\n\n<div class=\"wp-block-uagb-advanced-heading uagb-block-4526dd43\"><h3 class=\"uagb-heading-text\">VOTRE PROJET PERSONNALIS\u00c9<\/h3><\/div>\n\n\n\n<div class=\"wp-block-uagb-image uagb-block-0ffacd28 wp-block-uagb-image--layout-default wp-block-uagb-image--effect-static wp-block-uagb-image--align-none\"><figure class=\"wp-block-uagb-image__figure\"><img decoding=\"async\" srcset=\"https:\/\/sg-engineering.it\/wp-content\/uploads\/2025\/02\/Immagine-2025-02-10-103955-595x466.png ,https:\/\/sg-engineering.it\/wp-content\/uploads\/2025\/02\/Immagine-2025-02-10-103955.png 780w, https:\/\/sg-engineering.it\/wp-content\/uploads\/2025\/02\/Immagine-2025-02-10-103955.png 360w\" sizes=\"auto, (max-width: 480px) 150px\" src=\"https:\/\/sg-engineering.it\/wp-content\/uploads\/2025\/02\/Immagine-2025-02-10-103955-595x466.png\" alt=\"\" class=\"uag-image-2011\" width=\"500\" height=\"350\" title=\"Immagine 2025-02-10 103955\" loading=\"lazy\" role=\"img\"><\/figure><\/div>\n<\/div>\n\n\n\n<div class=\"wp-block-uagb-container uagb-block-e5285af7\">\n<div class=\"wp-block-uagb-advanced-heading uagb-block-82621230\"><\/div>\n<\/div>\n<\/div>\n<\/div>\n\n<div class=\"wp-block-uagb-container uagb-block-d23fb8f1 alignfull uagb-is-root-container\">\n<div class=\"wp-block-uagb-container uagb-block-b604ed8d\">\n<div data-aos= \"fade-right\" data-aos-duration=\"400\" data-aos-delay=\"0\" data-aos-easing=\"ease\" data-aos-once=\"true\" class=\"wp-block-uagb-container uagb-block-b978250b\">\n<div class=\"wp-block-uagb-container uagb-block-9880b195\">\n<div class=\"wp-block-uagb-image uagb-block-4bfc1a1c wp-block-uagb-image--layout-default wp-block-uagb-image--effect-static wp-block-uagb-image--align-none\"><figure class=\"wp-block-uagb-image__figure\"><img decoding=\"async\" srcset=\"https:\/\/sg-engineering.it\/wp-content\/uploads\/2023\/01\/services-05.jpg , https:\/\/sg-engineering.it\/wp-content\/uploads\/2023\/01\/services-05.jpg 360w\" sizes=\"auto, (max-width: 480px) 150px\" src=\"https:\/\/sg-engineering.it\/wp-content\/uploads\/2023\/01\/services-05.jpg\" alt=\"\" class=\"uag-image-285\" width=\"500\" height=\"350\" title=\"\" loading=\"lazy\" role=\"img\"><\/figure><\/div>\n\n\n\n<div class=\"wp-block-uagb-advanced-heading uagb-block-7a22ea7f\"><h6 class=\"uagb-heading-text\">05<\/h6><\/div>\n\n\n\n<div class=\"wp-block-uagb-advanced-heading uagb-block-9cb9f544\"><h3 class=\"uagb-heading-text\">MISE A JOUR DU PUPITRE DE CONTR\u00d4LE<\/h3><div class=\"uagb-separator\"><\/div><\/div>\n<\/div>\n\n\n\n<div class=\"wp-block-uagb-container uagb-block-fa96fb33\">\n<div class=\"wp-block-uagb-advanced-heading uagb-block-66ec819d\"><p class=\"uagb-desc-text\">Nous nous chargeons de la mise \u00e0 jour des syst\u00e8mes de contr\u00f4le des machines. Demandez-nous une offre sans engagement <\/p><\/div>\n<\/div>\n<\/div>\n<\/div>\n<\/div>\n\n<div class=\"wp-block-uagb-container uagb-block-cb9d743d alignfull uagb-is-root-container\">\n<div class=\"wp-block-uagb-container uagb-block-ee38d35f\">\n<div class=\"wp-block-uagb-info-box uagb-block-9e485e13 uagb-infobox__content-wrap  uagb-infobox-icon-above-title uagb-infobox-image-valign-top\"><div class=\"uagb-ifb-content\"><div class=\"uagb-ifb-title-wrap\"><div class=\"uagb-ifb-separator\"><\/div><h2 class=\"uagb-ifb-title\">Contattaci per ricevere pi\u00f9 informazioni!<\/h2><\/div><\/div><\/div>\n\n\n\n<div class=\"wp-block-uagb-buttons uagb-buttons__outer-wrap uagb-btn__default-btn uagb-btn-tablet__default-btn uagb-btn-mobile__default-btn uagb-block-81d6b9a6\"><div class=\"uagb-buttons__wrap uagb-buttons-layout-wrap \">\n<div class=\"wp-block-uagb-buttons-child uagb-buttons__outer-wrap uagb-block-fbafa94b wp-block-button\"><div class=\"uagb-button__wrapper\"><a class=\"uagb-buttons-repeater wp-block-button__link\" aria-label=\"\" href=\"\/contatti\" rel=\"follow noopener\" target=\"_self\" role=\"button\"><div class=\"uagb-button__link\">contattaci<\/div><\/a><\/div><\/div>\n<\/div><\/div>\n<\/div>\n<\/div>\n","protected":false},"excerpt":{"rendered":"<p>Nos services 01 REMISE EN ETAT De la v\u00e9rification du syst\u00e8me existant au remplacement complet de touts les appareils de contr\u00f4le, de l&rsquo;armoire \u00e9lectrique et du c\u00e2blage, en passant par la mise en \u0153uvre, la mise \u00e0 jour et sur demande, de l\u2019impl\u00e9mentation de caract\u00e9ristiques sp\u00e9ciales et d&rsquo;extensions logicielles. 02 PI\u00c8CES D\u00c9TACH\u00c9ES Notre personnel qualifi\u00e9 [&hellip;]<\/p>\n","protected":false},"author":3,"featured_media":0,"parent":0,"menu_order":0,"comment_status":"closed","ping_status":"closed","template":"","meta":{"_uag_custom_page_level_css":"","site-sidebar-layout":"default","site-content-layout":"page-builder","ast-site-content-layout":"full-width-container","site-content-style":"unboxed","site-sidebar-style":"unboxed","ast-global-header-display":"","ast-banner-title-visibility":"","ast-main-header-display":"","ast-hfb-above-header-display":"","ast-hfb-below-header-display":"","ast-hfb-mobile-header-display":"","site-post-title":"disabled","ast-breadcrumbs-content":"","ast-featured-img":"","footer-sml-layout":"","ast-disable-related-posts":"","theme-transparent-header-meta":"enabled","adv-header-id-meta":"","stick-header-meta":"","header-above-stick-meta":"","header-main-stick-meta":"","header-below-stick-meta":"","astra-migrate-meta-layouts":"default","ast-page-background-enabled":"default","ast-page-background-meta":{"desktop":{"background-color":"var(--ast-global-color-4)","background-image":"","background-repeat":"repeat","background-position":"center center","background-size":"auto","background-attachment":"scroll","background-type":"","background-media":"","overlay-type":"","overlay-color":"","overlay-opacity":"","overlay-gradient":""},"tablet":{"background-color":"","background-image":"","background-repeat":"repeat","background-position":"center center","background-size":"auto","background-attachment":"scroll","background-type":"","background-media":"","overlay-type":"","overlay-color":"","overlay-opacity":"","overlay-gradient":""},"mobile":{"background-color":"","background-image":"","background-repeat":"repeat","background-position":"center center","background-size":"auto","background-attachment":"scroll","background-type":"","background-media":"","overlay-type":"","overlay-color":"","overlay-opacity":"","overlay-gradient":""}},"ast-content-background-meta":{"desktop":{"background-color":"var(--ast-global-color-5)","background-image":"","background-repeat":"repeat","background-position":"center center","background-size":"auto","background-attachment":"scroll","background-type":"","background-media":"","overlay-type":"","overlay-color":"","overlay-opacity":"","overlay-gradient":""},"tablet":{"background-color":"var(--ast-global-color-5)","background-image":"","background-repeat":"repeat","background-position":"center center","background-size":"auto","background-attachment":"scroll","background-type":"","background-media":"","overlay-type":"","overlay-color":"","overlay-opacity":"","overlay-gradient":""},"mobile":{"background-color":"var(--ast-global-color-5)","background-image":"","background-repeat":"repeat","background-position":"center center","background-size":"auto","background-attachment":"scroll","background-type":"","background-media":"","overlay-type":"","overlay-color":"","overlay-opacity":"","overlay-gradient":""}},"footnotes":""},"class_list":["post-2226","page","type-page","status-publish","hentry"],"uagb_featured_image_src":{"full":false,"thumbnail":false,"medium":false,"medium_large":false,"large":false,"1536x1536":false,"2048x2048":false},"uagb_author_info":{"display_name":"grazia","author_link":"https:\/\/sg-engineering.it\/fr\/author\/grazia\/"},"uagb_comment_info":0,"uagb_excerpt":"Nos services 01 REMISE EN ETAT De la v\u00e9rification du syst\u00e8me existant au remplacement complet de touts les appareils de contr\u00f4le, de l&rsquo;armoire \u00e9lectrique et du c\u00e2blage, en passant par la mise en \u0153uvre, la mise \u00e0 jour et sur demande, de l\u2019impl\u00e9mentation de caract\u00e9ristiques sp\u00e9ciales et d&rsquo;extensions logicielles. 02 PI\u00c8CES D\u00c9TACH\u00c9ES Notre personnel qualifi\u00e9\u2026","_links":{"self":[{"href":"https:\/\/sg-engineering.it\/fr\/wp-json\/wp\/v2\/pages\/2226","targetHints":{"allow":["GET"]}}],"collection":[{"href":"https:\/\/sg-engineering.it\/fr\/wp-json\/wp\/v2\/pages"}],"about":[{"href":"https:\/\/sg-engineering.it\/fr\/wp-json\/wp\/v2\/types\/page"}],"author":[{"embeddable":true,"href":"https:\/\/sg-engineering.it\/fr\/wp-json\/wp\/v2\/users\/3"}],"replies":[{"embeddable":true,"href":"https:\/\/sg-engineering.it\/fr\/wp-json\/wp\/v2\/comments?post=2226"}],"version-history":[{"count":1,"href":"https:\/\/sg-engineering.it\/fr\/wp-json\/wp\/v2\/pages\/2226\/revisions"}],"predecessor-version":[{"id":2227,"href":"https:\/\/sg-engineering.it\/fr\/wp-json\/wp\/v2\/pages\/2226\/revisions\/2227"}],"wp:attachment":[{"href":"https:\/\/sg-engineering.it\/fr\/wp-json\/wp\/v2\/media?parent=2226"}],"curies":[{"name":"wp","href":"https:\/\/api.w.org\/{rel}","templated":true}]}}