{"id":2221,"date":"2024-10-07T13:28:10","date_gmt":"2024-10-07T11:28:10","guid":{"rendered":"https:\/\/sg-engineering.it\/sg-engineering\/"},"modified":"2025-02-17T09:46:26","modified_gmt":"2025-02-17T08:46:26","slug":"sg-engineering","status":"publish","type":"page","link":"https:\/\/sg-engineering.it\/fr\/","title":{"rendered":"SG Engineering"},"content":{"rendered":"\n<div class=\"wp-block-uagb-container uagb-block-7d3d1f4d alignfull uagb-is-root-container\"><div class=\"uagb-container__video-wrap\"><video autoplay loop muted playsinline><source src=\"https:\/\/sg-engineering.it\/wp-content\/uploads\/2024\/10\/Filmato-Istituzionale-SG-Engineering-DIDA-ITA.mp4\" type=\"video\/mp4\"\/><\/video><\/div>\n<div class=\"wp-block-uagb-container uagb-block-92f4eaef\">\n<div data-aos= \"slide-up\" data-aos-duration=\"400\" data-aos-delay=\"0\" data-aos-easing=\"ease\" data-aos-once=\"true\" class=\"wp-block-uagb-info-box uagb-block-a690ef9c uagb-infobox__content-wrap  uagb-infobox-icon-above-title uagb-infobox-image-valign-top\"><div class=\"uagb-ifb-content\"><div class=\"uagb-ifb-title-wrap\"><div class=\"uagb-ifb-separator\"><\/div><h1 class=\"uagb-ifb-title\">Service multimarques professionnel pour les machines \u00e0 injecter<\/h1><\/div><\/div><\/div>\n\n\n\n<div data-aos= \"slide-up\" data-aos-duration=\"400\" data-aos-delay=\"0\" data-aos-easing=\"ease\" data-aos-once=\"true\" class=\"wp-block-uagb-buttons uagb-buttons__outer-wrap uagb-btn__default-btn uagb-btn-tablet__medium-btn uagb-btn-mobile__medium-btn uagb-block-ba801959\"><div class=\"uagb-buttons__wrap uagb-buttons-layout-wrap \">\n<div class=\"wp-block-uagb-buttons-child uagb-buttons__outer-wrap uagb-block-cafec7b5 wp-block-button\"><div class=\"uagb-button__wrapper\"><a class=\"uagb-buttons-repeater wp-block-button__link\" aria-label=\"\" href=\"https:\/\/sg-engineering.it\/chi-siamo\/\" rel=\"follow noopener\" target=\"_self\" role=\"button\"><div class=\"uagb-button__link\">En savoir plus<\/div><\/a><\/div><\/div>\n<\/div><\/div>\n<\/div>\n<\/div>\n\n<div class=\"wp-block-uagb-container uagb-block-60101b90 alignfull uagb-is-root-container\">\n<div class=\"wp-block-uagb-container uagb-block-9493f3e5\">\n<div class=\"wp-block-uagb-container uagb-block-4b2f1fb0\">\n<div class=\"wp-block-uagb-advanced-heading uagb-block-568a0336\"><h6 class=\"uagb-heading-text\">Qui sommes-nous<\/h6><\/div>\n\n\n\n<div data-aos= \"fade\" data-aos-duration=\"400\" data-aos-delay=\"0\" data-aos-easing=\"ease\" data-aos-once=\"true\" class=\"wp-block-uagb-advanced-heading uagb-block-544ca151\"><h2 class=\"uagb-heading-text\">Depuis sa cr\u00e9ation en 2007, SG Engineering est une entreprise bas\u00e9e sur un service apr\u00e8s-vente comp\u00e9tent pour toutes les questions li\u00e9es aux machines industrielles: \u00e9lectroniques\/\u00e9lectriques, m\u00e9caniques ou hydrauliques. Nous sommes une entreprise familiale dont le si\u00e8ge se trouve dans le nord de l&rsquo;Italie et qui op\u00e8re dans le monde entier gr\u00e2ce \u00e0 un r\u00e9seau de clients haut de gamme, dont les principaux groupes leaders dans les secteurs de l&rsquo;automobile, de la construction, des biens techniques et des biens de consommation. <br\/> <\/h2><\/div>\n<\/div>\n\n\n\n<div class=\"wp-block-uagb-container uagb-block-41e7e884\">\n<div class=\"wp-block-uagb-advanced-heading uagb-block-6eab0302\"><h6 class=\"uagb-heading-text\">Ce que nous faisons<\/h6><\/div>\n\n\n\n<div data-aos= \"fade\" data-aos-duration=\"400\" data-aos-delay=\"0\" data-aos-easing=\"ease\" data-aos-once=\"true\" class=\"wp-block-uagb-advanced-heading uagb-block-4e3de8d7\"><h5 class=\"uagb-heading-text\">Nous pouvons op\u00e9rer \u00e0 la fois sur le territoire national et \u00e0 l&rsquo;\u00e9tranger avec un personnel comp\u00e9tent, et de fournir des services personnalis\u00e9s, y compris des mises \u00e0 jour techniques, des interventions en mati\u00e8re d&rsquo;efficacit\u00e9 \u00e9nerg\u00e9tique et une remise \u00e0 neuf compl\u00e8te avec garantie sur vos machines \u00e0 injecter pour mati\u00e8re thermoplastique.<\/h5><\/div>\n<\/div>\n<\/div>\n<\/div>\n\n<div class=\"wp-block-uagb-container uagb-block-cfae1991 alignfull uagb-is-root-container\">\n<div class=\"wp-block-uagb-container uagb-block-4958a37c\">\n<div data-aos= \"slide-up\" data-aos-duration=\"400\" data-aos-delay=\"0\" data-aos-easing=\"ease\" data-aos-once=\"true\" class=\"wp-block-uagb-advanced-heading uagb-block-0e741d9f\"><h2 class=\"uagb-heading-text\">Services <br\/><\/h2><\/div>\n<\/div>\n\n\n\n<div data-aos= \"slide-up\" data-aos-duration=\"400\" data-aos-delay=\"0\" data-aos-easing=\"ease\" data-aos-once=\"true\" class=\"wp-block-uagb-container uagb-block-3f616f8c\">\n<div class=\"wp-block-uagb-container uagb-block-f17448f9\">\n<div class=\"wp-block-uagb-info-box uagb-block-743e0e86 uagb-infobox__content-wrap  uagb-infobox-icon-above-title uagb-infobox-image-valign-middle\"><div class=\"uagb-ifb-content\"><div class=\"uagb-ifb-image-content\"><img decoding=\"async\" src=\"https:\/\/sg-engineering.it\/wp-content\/uploads\/2024\/10\/file-150x150.png\" alt=\"\" width=\"\" height=\"0\" loading=\"lazy\"\/><\/div><div class=\"uagb-ifb-title-wrap\"><h3 class=\"uagb-ifb-title\">Technologie de l\u2019information<\/h3><\/div><p class=\"uagb-ifb-desc\">De la v\u00e9rification du syst\u00e8me existant au remplacement complet de touts les appareils de contr\u00f4le, de l&rsquo;armoire \u00e9lectrique et du c\u00e2blage, en passant par la mise en \u0153uvre, la mise \u00e0 jour et sur demande, de l\u2019impl\u00e9mentation de caract\u00e9ristiques sp\u00e9ciales et d&rsquo;extensions logicielles.<\/p><\/div><\/div>\n<\/div>\n<\/div>\n\n\n\n<div data-aos= \"slide-up\" data-aos-duration=\"400\" data-aos-delay=\"0\" data-aos-easing=\"ease\" data-aos-once=\"true\" class=\"wp-block-uagb-container uagb-block-345f5372\">\n<div class=\"wp-block-uagb-container uagb-block-2a6d8b8e\">\n<div class=\"wp-block-uagb-info-box uagb-block-ce82397e uagb-infobox__content-wrap  uagb-infobox-icon-above-title uagb-infobox-image-valign-middle\"><div class=\"uagb-ifb-content\"><div class=\"uagb-ifb-image-content\"><img decoding=\"async\" src=\"https:\/\/sg-engineering.it\/wp-content\/uploads\/2024\/10\/file-2-150x150.png\" alt=\"\" width=\"\" height=\"0\" loading=\"lazy\"\/><\/div><div class=\"uagb-ifb-title-wrap\"><h3 class=\"uagb-ifb-title\">Expertise m\u00e9canique<\/h3><\/div><p class=\"uagb-ifb-desc\">Notre personnel qualifi\u00e9 peut v\u00e9rifier, d\u00e9monter, diagnostiquer et remonter n&rsquo;importe quelle pi\u00e8ce de n&rsquo;importe quelle machine de moulage par injection. Nous pouvons remplacer, r\u00e9parer ou remettre en \u00e9tat des composants essentiels tels que les colonnes, les bagues, les unit\u00e9s de plastification et fournir des pi\u00e8ces d\u00e9tach\u00e9es usin\u00e9s sur mesure. <br\/> <\/p><\/div><\/div>\n<\/div>\n<\/div>\n\n\n\n<div data-aos= \"slide-up\" data-aos-duration=\"400\" data-aos-delay=\"0\" data-aos-easing=\"ease\" data-aos-once=\"true\" class=\"wp-block-uagb-container uagb-block-dd929c16\">\n<div class=\"wp-block-uagb-container uagb-block-bf693799\">\n<div class=\"wp-block-uagb-info-box uagb-block-40a24e2b uagb-infobox__content-wrap  uagb-infobox-icon-above-title uagb-infobox-image-valign-middle\"><div class=\"uagb-ifb-content\"><div class=\"uagb-ifb-image-content\"><img decoding=\"async\" src=\"https:\/\/sg-engineering.it\/wp-content\/uploads\/2024\/10\/file-1-150x150.png\" alt=\"\" width=\"\" height=\"0\" loading=\"lazy\"\/><\/div><div class=\"uagb-ifb-title-wrap\"><h3 class=\"uagb-ifb-title\">Appareils hydrauliques<\/h3><\/div><p class=\"uagb-ifb-desc\">Nous nous ferons un plaisir d&rsquo;effectuer des diagnostics, de localiser les probl\u00e8mes, de remplacer ou d&rsquo;am\u00e9liorer les composants hydrauliques, de fournir des pi\u00e8ces d\u00e9tach\u00e9es d&rsquo;installer un circuit hydraulique haute performance enti\u00e8rement nouveau, prolongeant ainsi la dur\u00e9e de vie de votre machine \u00e0 injecter et am\u00e9liorant l&rsquo;efficacit\u00e9 \u00e9nerg\u00e9tique. <\/p><\/div><\/div>\n<\/div>\n<\/div>\n\n\n\n<div data-aos= \"fade-up\" data-aos-duration=\"400\" data-aos-delay=\"0\" data-aos-easing=\"ease\" data-aos-once=\"true\" class=\"wp-block-uagb-container uagb-block-01d56156\">\n<div data-aos= \"slide-up\" data-aos-duration=\"400\" data-aos-delay=\"0\" data-aos-easing=\"ease\" data-aos-once=\"true\" class=\"wp-block-uagb-buttons uagb-buttons__outer-wrap uagb-btn__default-btn uagb-btn-tablet__medium-btn uagb-btn-mobile__small-btn uagb-block-49582d2e\"><div class=\"uagb-buttons__wrap uagb-buttons-layout-wrap \">\n<div class=\"wp-block-uagb-buttons-child uagb-buttons__outer-wrap uagb-block-795eb842 wp-block-button\"><div class=\"uagb-button__wrapper\"><a class=\"uagb-buttons-repeater wp-block-button__link\" aria-label=\"\" href=\"https:\/\/sg-engineering.it\/servizi\/\" rel=\"follow noopener\" target=\"_self\" role=\"button\"><div class=\"uagb-button__link\">D\u00e9couvrez nos services<\/div><\/a><\/div><\/div>\n<\/div><\/div>\n<\/div>\n<\/div>\n\n<div class=\"wp-block-uagb-container uagb-block-cb9d743d alignfull uagb-is-root-container\">\n<div class=\"wp-block-uagb-container uagb-block-ee38d35f\">\n<div class=\"wp-block-uagb-info-box uagb-block-9e485e13 uagb-infobox__content-wrap  uagb-infobox-icon-above-title uagb-infobox-image-valign-top\"><div class=\"uagb-ifb-content\"><div class=\"uagb-ifb-title-wrap\"><div class=\"uagb-ifb-separator\"><\/div><h2 class=\"uagb-ifb-title\">Contattaci per ricevere pi\u00f9 informazioni!<\/h2><\/div><\/div><\/div>\n\n\n\n<div class=\"wp-block-uagb-buttons uagb-buttons__outer-wrap uagb-btn__default-btn uagb-btn-tablet__default-btn uagb-btn-mobile__default-btn uagb-block-81d6b9a6\"><div class=\"uagb-buttons__wrap uagb-buttons-layout-wrap \">\n<div class=\"wp-block-uagb-buttons-child uagb-buttons__outer-wrap uagb-block-fbafa94b wp-block-button\"><div class=\"uagb-button__wrapper\"><a class=\"uagb-buttons-repeater wp-block-button__link\" aria-label=\"\" href=\"\/contatti\" rel=\"follow noopener\" target=\"_self\" role=\"button\"><div class=\"uagb-button__link\">contattaci<\/div><\/a><\/div><\/div>\n<\/div><\/div>\n<\/div>\n<\/div>\n","protected":false},"excerpt":{"rendered":"<p>Qui sommes-nous Depuis sa cr\u00e9ation en 2007, SG Engineering est une entreprise bas\u00e9e sur un service apr\u00e8s-vente comp\u00e9tent pour toutes les questions li\u00e9es aux machines industrielles: \u00e9lectroniques\/\u00e9lectriques, m\u00e9caniques ou hydrauliques. Nous sommes une entreprise familiale dont le si\u00e8ge se trouve dans le nord de l&rsquo;Italie et qui op\u00e8re dans le monde entier gr\u00e2ce \u00e0 un [&hellip;]<\/p>\n","protected":false},"author":3,"featured_media":0,"parent":0,"menu_order":0,"comment_status":"closed","ping_status":"closed","template":"","meta":{"_uag_custom_page_level_css":"","site-sidebar-layout":"default","site-content-layout":"page-builder","ast-site-content-layout":"full-width-container","site-content-style":"unboxed","site-sidebar-style":"unboxed","ast-global-header-display":"","ast-banner-title-visibility":"","ast-main-header-display":"","ast-hfb-above-header-display":"","ast-hfb-below-header-display":"","ast-hfb-mobile-header-display":"","site-post-title":"disabled","ast-breadcrumbs-content":"","ast-featured-img":"","footer-sml-layout":"","ast-disable-related-posts":"","theme-transparent-header-meta":"enabled","adv-header-id-meta":"","stick-header-meta":"","header-above-stick-meta":"","header-main-stick-meta":"","header-below-stick-meta":"","astra-migrate-meta-layouts":"default","ast-page-background-enabled":"default","ast-page-background-meta":{"desktop":{"background-color":"var(--ast-global-color-4)","background-image":"","background-repeat":"repeat","background-position":"center center","background-size":"auto","background-attachment":"scroll","background-type":"","background-media":"","overlay-type":"","overlay-color":"","overlay-opacity":"","overlay-gradient":""},"tablet":{"background-color":"","background-image":"","background-repeat":"repeat","background-position":"center center","background-size":"auto","background-attachment":"scroll","background-type":"","background-media":"","overlay-type":"","overlay-color":"","overlay-opacity":"","overlay-gradient":""},"mobile":{"background-color":"","background-image":"","background-repeat":"repeat","background-position":"center center","background-size":"auto","background-attachment":"scroll","background-type":"","background-media":"","overlay-type":"","overlay-color":"","overlay-opacity":"","overlay-gradient":""}},"ast-content-background-meta":{"desktop":{"background-color":"var(--ast-global-color-5)","background-image":"","background-repeat":"repeat","background-position":"center center","background-size":"auto","background-attachment":"scroll","background-type":"","background-media":"","overlay-type":"","overlay-color":"","overlay-opacity":"","overlay-gradient":""},"tablet":{"background-color":"var(--ast-global-color-5)","background-image":"","background-repeat":"repeat","background-position":"center center","background-size":"auto","background-attachment":"scroll","background-type":"","background-media":"","overlay-type":"","overlay-color":"","overlay-opacity":"","overlay-gradient":""},"mobile":{"background-color":"var(--ast-global-color-5)","background-image":"","background-repeat":"repeat","background-position":"center center","background-size":"auto","background-attachment":"scroll","background-type":"","background-media":"","overlay-type":"","overlay-color":"","overlay-opacity":"","overlay-gradient":""}},"footnotes":""},"class_list":["post-2221","page","type-page","status-publish","hentry"],"uagb_featured_image_src":{"full":false,"thumbnail":false,"medium":false,"medium_large":false,"large":false,"1536x1536":false,"2048x2048":false},"uagb_author_info":{"display_name":"grazia","author_link":"https:\/\/sg-engineering.it\/fr\/author\/grazia\/"},"uagb_comment_info":0,"uagb_excerpt":"Qui sommes-nous Depuis sa cr\u00e9ation en 2007, SG Engineering est une entreprise bas\u00e9e sur un service apr\u00e8s-vente comp\u00e9tent pour toutes les questions li\u00e9es aux machines industrielles: \u00e9lectroniques\/\u00e9lectriques, m\u00e9caniques ou hydrauliques. Nous sommes une entreprise familiale dont le si\u00e8ge se trouve dans le nord de l&rsquo;Italie et qui op\u00e8re dans le monde entier gr\u00e2ce \u00e0 un\u2026","_links":{"self":[{"href":"https:\/\/sg-engineering.it\/fr\/wp-json\/wp\/v2\/pages\/2221","targetHints":{"allow":["GET"]}}],"collection":[{"href":"https:\/\/sg-engineering.it\/fr\/wp-json\/wp\/v2\/pages"}],"about":[{"href":"https:\/\/sg-engineering.it\/fr\/wp-json\/wp\/v2\/types\/page"}],"author":[{"embeddable":true,"href":"https:\/\/sg-engineering.it\/fr\/wp-json\/wp\/v2\/users\/3"}],"replies":[{"embeddable":true,"href":"https:\/\/sg-engineering.it\/fr\/wp-json\/wp\/v2\/comments?post=2221"}],"version-history":[{"count":1,"href":"https:\/\/sg-engineering.it\/fr\/wp-json\/wp\/v2\/pages\/2221\/revisions"}],"predecessor-version":[{"id":2222,"href":"https:\/\/sg-engineering.it\/fr\/wp-json\/wp\/v2\/pages\/2221\/revisions\/2222"}],"wp:attachment":[{"href":"https:\/\/sg-engineering.it\/fr\/wp-json\/wp\/v2\/media?parent=2221"}],"curies":[{"name":"wp","href":"https:\/\/api.w.org\/{rel}","templated":true}]}}